{"id":218,"date":"2014-11-03T11:28:48","date_gmt":"2014-11-03T09:28:48","guid":{"rendered":"http:\/\/mathias-eimann.de\/neu\/?page_id=218"},"modified":"2018-05-23T09:58:03","modified_gmt":"2018-05-23T07:58:03","slug":"218-2","status":"publish","type":"page","link":"https:\/\/mathias-eimann.de\/neu\/contact\/218-2\/","title":{"rendered":"Impressum &#038; Datenschutzerkl\u00e4rung"},"content":{"rendered":"<h2 class=\"art-PostHeaderIcon-wrapper\"><span class=\"art-PostHeader\"><a title=\"Impressum\" href=\"http:\/\/mathias-eimann.de\/node\/50\">Impressum<\/a><\/span><\/h2>\n<div class=\"art-PostContent\">\n<div class=\"art-article\">\n<p>&nbsp;<\/p>\n<p>Mathias Eimann<br \/>\nSimildenstra\u00dfe 18<\/p>\n<p>04277 Leipzig<br \/>\nTelefon: +49 177 32 90 677<br \/>\nEMail: <a href=\"mailto:me@mathias-eimann.de\">me(@)mathias-eimann.de<\/a><br \/>\nSteuernummer: 231\/216\/03640<br \/>\n<strong>Inhaltlich Verantwortlicher gem\u00e4\u00df \u00a7 55 Abs. 2 RStV:<\/strong><br \/>\nMathias Eimann (Anschrift wie oben)<br \/>\n<strong>Haftungshinweis:<\/strong><br \/>\nTrotz sorgf\u00e4ltiger inhaltlicher Kontrolle \u00fcbernehmen<br \/>\nwir keine Haftung f\u00fcr die Inhalte externer Links.<br \/>\nF\u00fcr den Inhalt der verlinkten Seiten sind<br \/>\nausschlie\u00dflich deren Betreiber verantwortlich.<\/p>\n<p>&nbsp;<\/p>\n<p>Haftungsausschluss:<\/p>\n<p>1. Inhalt des Onlineangebotes<br \/>\nDer Autor \u00fcbernimmt keinerlei Gew\u00e4hr f\u00fcr die Aktualit\u00e4t, Korrektheit, Vollst\u00e4ndigkeit oder Qualit\u00e4t der bereitgestellten Informationen. Haftungsanspr\u00fcche gegen den Autor, welche sich auf Sch\u00e4den materieller oder ideeller Art beziehen, die durch die Nutzung oder Nichtnutzung der dargebotenen Informationen bzw. durch die Nutzung fehlerhafter und unvollst\u00e4ndiger Informationen verursacht wurden, sind grunds\u00e4tzlich ausgeschlossen, sofern seitens des Autors kein nachweislich vors\u00e4tzliches oder grob fahrl\u00e4ssiges Verschulden vorliegt. Alle Angebote sind freibleibend und unverbindlich. Der Autor beh\u00e4lt es sich ausdr\u00fccklich vor, Teile der Seiten oder das gesamte Angebot ohne gesonderte Ank\u00fcndigung zu ver\u00e4ndern, zu erg\u00e4nzen, zu l\u00f6schen oder die Ver\u00f6ffentlichung zeitweise oder endg\u00fcltig einzustellen.<\/p>\n<p>2. Verweise und Links<br \/>\nBei direkten oder indirekten Verweisen auf fremde Webseiten (&#8222;Hyperlinks&#8220;), die au\u00dferhalb des Verantwortungsbereiches des Autors liegen, w\u00fcrde eine Haftungsverpflichtung ausschlie\u00dflich in dem Fall in Kraft treten, in dem der Autor von den Inhalten Kenntnis hat und es ihm technisch m\u00f6glich und zumutbar w\u00e4re, die Nutzung im Falle rechtswidriger Inhalte zu verhindern. Der Autor erkl\u00e4rt hiermit ausdr\u00fccklich, dass zum Zeitpunkt der Linksetzung keine illegalen Inhalte auf den zu verlinkenden Seiten erkennbar waren. Auf die aktuelle und zuk\u00fcnftige Gestaltung, die Inhalte oder die Urheberschaft der verlinkten\/verkn\u00fcpften Seiten hat der Autor keinerlei Einfluss. Deshalb distanziert er sich hiermit ausdr\u00fccklich von allen Inhalten aller verlinkten \/verkn\u00fcpften Seiten, die nach der Linksetzung ver\u00e4ndert wurden. Diese Feststellung gilt f\u00fcr alle innerhalb des eigenen Internetangebotes gesetzten Links und Verweise sowie f\u00fcr Fremdeintr\u00e4ge in vom Autor eingerichteten G\u00e4steb\u00fcchern, Diskussionsforen, Linkverzeichnissen, Mailinglisten und in allen anderen Formen von Datenbanken, auf deren Inhalt externe Schreibzugriffe m\u00f6glich sind. F\u00fcr illegale, fehlerhafte oder unvollst\u00e4ndige Inhalte und insbesondere f\u00fcr Sch\u00e4den, die aus der Nutzung oder Nichtnutzung solcherart dargebotener Informationen entstehen, haftet allein der Anbieter der Seite, auf welche verwiesen wurde, nicht derjenige, der \u00fcber Links auf die jeweilige Ver\u00f6ffentlichung lediglich verweist.<\/p>\n<p>3. Urheber- und Kennzeichenrecht<br \/>\nDer Autor ist bestrebt, in allen Publikationen die Urheberrechte der verwendeten Bilder, Grafiken, Tondokumente, Videosequenzen und Texte zu beachten, von ihm selbst erstellte Bilder, Grafiken, Tondokumente, Videosequenzen und Texte zu nutzen oder auf lizenzfreie Grafiken, Tondokumente, Videosequenzen und Texte zur\u00fcckzugreifen. Alle innerhalb des Internetangebotes genannten und ggf. durch Dritte gesch\u00fctzten Marken- und Warenzeichen unterliegen uneingeschr\u00e4nkt den Bestimmungen des jeweils g\u00fcltigen Kennzeichenrechts und den Besitzrechten der jeweiligen eingetragenen Eigent\u00fcmer. Allein aufgrund der blo\u00dfen Nennung ist nicht der Schluss zu ziehen, dass Markenzeichen nicht durch Rechte Dritter gesch\u00fctzt sind! Das Copyright f\u00fcr ver\u00f6ffentlichte, vom Autor selbst erstellte Objekte bleibt allein beim Autor der Seiten. Eine Vervielf\u00e4ltigung oder Verwendung solcher Grafiken, Tondokumente, Videosequenzen und Texte in anderen elektronischen oder gedruckten Publikationen ist ohne ausdr\u00fcckliche Zustimmung des Autors nicht gestattet.<\/p>\n<p>4. Datenschutz<br \/>\nSofern innerhalb des Internetangebotes die M\u00f6glichkeit zur Eingabe pers\u00f6nlicher oder gesch\u00e4ftlicher Daten (Emailadressen, Namen, Anschriften) besteht, so erfolgt die Preisgabe dieser Daten seitens des Nutzers auf ausdr\u00fccklich freiwilliger Basis. Die Inanspruchnahme und Bezahlung aller angebotenen Dienste ist &#8211; soweit technisch m\u00f6glich und zumutbar &#8211; auch ohne Angabe solcher Daten bzw. unter Angabe anonymisierter Daten oder eines Pseudonyms gestattet. Die Nutzung der im Rahmen des Impressums oder vergleichbarer Angaben ver\u00f6ffentlichten Kontaktdaten wie Postanschriften, Telefon- und Faxnummern sowie Emailadressen durch Dritte zur \u00dcbersendung von nicht ausdr\u00fccklich angeforderten Informationen ist nicht gestattet. Rechtliche Schritte gegen die Versender von sogenannten Spam-Mails bei Verst\u00f6ssen gegen dieses Verbot sind ausdr\u00fccklich vorbehalten. Wir behalten uns vor, Postings mit beleidigenden oder werbenden inhalten zu editieren.<\/p>\n<p>5. Rechtswirksamkeit dieses Haftungsausschlusses<br \/>\nDieser Haftungsausschluss ist als Teil des Internetangebotes zu betrachten, von dem aus auf diese Seite verwiesen wurde. Sofern Teile oder einzelne Formulierungen dieses Textes der geltenden Rechtslage nicht, nicht mehr oder nicht vollst\u00e4ndig entsprechen sollten, bleiben die \u00fcbrigen Teile des Dokumentes in ihrem Inhalt und ihrer G\u00fcltigkeit davon unber\u00fchrt.<\/p>\n<p>6.Keine Abmahnung ohne vorherigen Kontakt!<br \/>\nSollte der Inhalt oder die Aufmachung dieser Seiten fremde Rechte Dritter oder gesetzliche Bestimmungen verletzen, so bitten wir um eine entsprechende Nachricht ohne Kostennote. Die Beseitigung einer m\u00f6glicherweise von diesen Seiten ausgehenden Schutzrecht-Verletzung durch Schutzrecht-InhaberInnen selbst darf nicht ohne unsere Zustimmung stattfinden. Wir garantieren, dass die zu Recht beanstandeten Passagen unverz\u00fcglich entfernt werden, ohne dass von Ihrer Seite die Einschaltung eines Rechtsbeistandes erforderlich ist. Dennoch von Ihnen ohne vorherige Kontaktaufnahme ausgel\u00f6ste Kosten werden wir vollumf\u00e4nglich zur\u00fcckweisen und gegebenenfalls Gegenklage wegen Verletzung vorgenannter Bestimmungen einreichen.<\/p>\n<p>Vielen Dank f\u00fcr Ihr Verst\u00e4ndnis.<\/p>\n<\/div>\n<\/div>\n<h2>Datenschutzerkl\u00e4rung<\/h2>\n<p>Ich bin Mathias Eimann<br \/>\nDie Adresse meiner Website ist: http:\/\/mathias-eimann.de\/.<\/p>\n<h3>Ich pers\u00f6nlich sammle keine Daten von Ihnen&#8230; was die Interwebs, AddOns, mein WordPress-theme, Drive-by-injections und whatever machen kann ich leider nicht in G\u00e4nze einsch\u00e4tzen, bem\u00fche mich aber alles, auch die Kommentare, Analytics und so Zeugs, auszuschalten und werde keine irgendwie gearteten Daten die ich ueber diese Website erhalte (ich schau eh nur aller halbe Jahre mal drauf) k\u00e4uflich ver\u00e4ussern oder mir daraus durch Weitergabe einen pers\u00f6nlichen Vorteil verschaffen &#8211; also das mal im Jedermanns-Juristenjargon &#8230; weiter gehts<\/h3>\n<h3>Kommentare<\/h3>\n<p>Wenn Besucher Kommentare auf der Website schreiben, sammeln wir die Daten, die im Kommentar-Formular angezeigt werden, au\u00dferdem die IP-Adresse des Besuchers und den User-Agent-String (damit wird der Browser identifiziert), um die Erkennung von Spam zu unterst\u00fctzen.<\/p>\n<p>Aus deiner E-Mail-Adresse kann eine anonymisierte Zeichenfolge erstellt (auch Hash genannt) und dem Gravatar-Dienst \u00fcbergeben werden, um zu pr\u00fcfen, ob du diesen benutzt. Die Datenschutzerkl\u00e4rung des Gravatar-Dienstes findest du hier: https:\/\/automattic.com\/privacy\/. Nachdem dein Kommentar freigegeben wurde, ist dein Profilbild \u00f6ffentlich im Kontext deines Kommentars sichtbar.<\/p>\n<h3>Medien<\/h3>\n<p>Wenn du ein registrierter Benutzer bist und Fotos auf diese Website l\u00e4dst, solltest du vermeiden, Fotos mit einem EXIF-GPS-Standort hochzuladen. Besucher dieser Website k\u00f6nnten Fotos, die auf dieser Website gespeichert sind, herunterladen und deren Standort-Informationen extrahieren.<\/p>\n<h3>Kontaktformulare<\/h3>\n<h3>Cookies<\/h3>\n<p>Wenn du einen Kommentar auf unserer Website schreibst, kann das eine Einwilligung sein, deinen Namen, E-Mail-Adresse und Website in Cookies zu speichern. Dies ist eine Komfortfunktion, damit du nicht, wenn du einen weiteren Kommentar schreibst, all diese Daten erneut eingeben musst. Diese Cookies werden ein Jahr lang gespeichert.<\/p>\n<p>Falls du ein Konto hast und dich auf dieser Website anmeldest, werden wir ein tempor\u00e4res Cookie setzen, um festzustellen, ob dein Browser Cookies akzeptiert. Dieses Cookie enth\u00e4lt keine personenbezogenen Daten und wird verworfen, wenn du deinen Browser schlie\u00dft.<\/p>\n<p>Wenn du dich anmeldest, werden wir einige Cookies einrichten, um deine Anmeldeinformationen und Anzeigeoptionen zu speichern. Anmelde-Cookies verfallen nach zwei Tagen und Cookies f\u00fcr die Anzeigeoptionen nach einem Jahr. Falls du bei der Anmeldung \u201eAngemeldet bleiben\u201c ausw\u00e4hlst, wird deine Anmeldung zwei Wochen lang aufrechterhalten. Mit der Abmeldung aus deinem Konto werden die Anmelde-Cookies gel\u00f6scht.<\/p>\n<p>Wenn du einen Artikel bearbeitest oder ver\u00f6ffentlichst, wird ein zus\u00e4tzlicher Cookie in deinem Browser gespeichert. Dieser Cookie enth\u00e4lt keine personenbezogenen Daten und verweist nur auf die Beitrags-ID des Artikels, den du gerade bearbeitet hast. Der Cookie verf\u00e4llt nach einem Tag.<\/p>\n<h3>Eingebettete Inhalte von anderen Websites<\/h3>\n<p>Beitr\u00e4ge auf dieser Website k\u00f6nnen eingebettete Inhalte beinhalten (z. B. Videos, Bilder, Beitr\u00e4ge etc.). Eingebettete Inhalte von anderen Websites verhalten sich exakt so, als ob der Besucher die andere Website besucht h\u00e4tte.<\/p>\n<p>Diese Websites k\u00f6nnen Daten \u00fcber dich sammeln, Cookies benutzen, zus\u00e4tzliche Tracking-Dienste von Dritten einbetten und deine Interaktion mit diesem eingebetteten Inhalt aufzeichnen, inklusive deiner Interaktion mit dem eingebetteten Inhalt, falls du ein Konto hast und auf dieser Website angemeldet bist.<\/p>\n<h3>Analysedienste<\/h3>\n<h2>Mit wem wir deine Daten teilen<\/h2>\n<h2>Wie lange wir deine Daten speichern<\/h2>\n<p>Wenn du einen Kommentar schreibst, wird dieser inklusive Metadaten zeitlich unbegrenzt gespeichert. Auf diese Art k\u00f6nnen wir Folgekommentare automatisch erkennen und freigeben, anstelle sie in einer Moderations-Warteschlange festzuhalten.<\/p>\n<p>F\u00fcr Benutzer, die sich auf unserer Website registrieren, speichern wir zus\u00e4tzlich die pers\u00f6nlichen Informationen, die sie in ihren Benutzerprofilen angeben. Alle Benutzer k\u00f6nnen jederzeit ihre pers\u00f6nlichen Informationen einsehen, ver\u00e4ndern oder l\u00f6schen (der Benutzername kann nicht ver\u00e4ndert werden). Administratoren der Website k\u00f6nnen diese Informationen ebenfalls einsehen und ver\u00e4ndern.<\/p>\n<h2>Welche Rechte du an deinen Daten hast<\/h2>\n<p>Wenn du ein Konto auf dieser Website besitzt oder Kommentare geschrieben hast, kannst du einen Export deiner personenbezogenen Daten bei uns anfordern, inklusive aller Daten, die du uns mitgeteilt hast. Dar\u00fcber hinaus kannst du die L\u00f6schung aller personenbezogenen Daten, die wir von dir gespeichert haben, anfordern. Dies umfasst nicht die Daten, die wir aufgrund administrativer, rechtlicher oder sicherheitsrelevanter Notwendigkeiten aufbewahren m\u00fcssen.<\/p>\n<h2>Wohin wir deine Daten senden<\/h2>\n<p>Besucher-Kommentare k\u00f6nnten von einem automatisierten Dienst zur Spam-Erkennung untersucht werden.<\/p>\n<p>Ich hatte aber noch nie einen Kommentar in meinem Blog \ud83d\ude09<\/p>\n<h2>Deine Kontakt-Informationen<\/h2>\n<h2>Weitere Informationen<\/h2>\n<h3>Wie wir deine Daten sch\u00fctzen<\/h3>\n<p>Ich bin nicht in der Lage irgendwelche Daten zu sch\u00fctzen &#8211; ausser, das ich keine erhebe &#8211; also bitte ruft mich an soweit Ihr keine email an mich schreiben wollt &#8211; damit generieren wir noch am wenigsten Interweb-Speicherbare Daten &#8211; cookies und so hab ich keinen Plan &#8211; lieber AddBlockPlus, uBlock und den Inkognito-modus im Browser verwenden &#8211; is aber hoffe ich eh standard<\/p>\n<h3>Welche Ma\u00dfnahmen wir bei Datenschutzverletzungen anbieten<\/h3>\n<p>Ein Eis? ich weiss es nicht &#8211; kommt auf den Einzelfall an und ich hoffe der tritt nie ein &#8211; bitte hinterlegt auf Dieser Seite keine Daten!<\/p>\n<h3>Von welchen Drittanbietern wir Daten erhalten<\/h3>\n<p>Welp, Youtube &#8211; dahin verlinke ich zumindest ab und zu &#8211; aber so richtiges \u00d6l des 21. Jahrhunderts bekomme ich da nicht her.<\/p>\n<h3>Welche automatisierte Entscheidungsfindung und\/oder Profilerstellung wir mit Benutzerdaten durchf\u00fchren<\/h3>\n<p>Bin ich Facebook? Mach ich nicht, gibts hier nicht!1!<\/p>\n<h3>Industrielle aufsichtsrechtliche Regulierungsanforderungen<\/h3>\n<p>mhhm &#8211; ich ueberlege immer noch was das heissen soll &#8230; ich bin nicht Industrie, ich bin Kunst, und ich w\u00fcrde mich \u00fcber eine Regulierung f\u00fcrchterlich aufregen<\/p>\n","protected":false},"excerpt":{"rendered":"<p>Impressum &nbsp; Mathias Eimann Simildenstra\u00dfe 18 04277 Leipzig Telefon: +49 177 32 90 677 EMail: me(@)mathias-eimann.de Steuernummer: 231\/216\/03640 Inhaltlich Verantwortlicher gem\u00e4\u00df \u00a7 55 Abs. 2 RStV: Mathias Eimann (Anschrift wie oben) Haftungshinweis: Trotz sorgf\u00e4ltiger inhaltlicher Kontrolle \u00fcbernehmen wir keine Haftung&#8230;<\/p>\n","protected":false},"author":1,"featured_media":0,"parent":118,"menu_order":0,"comment_status":"open","ping_status":"open","template":"my-templates\/template-fullwidth.php","meta":{"footnotes":""},"class_list":["post-218","page","type-page","status-publish","hentry"],"_links":{"self":[{"href":"https:\/\/mathias-eimann.de\/neu\/wp-json\/wp\/v2\/pages\/218","targetHints":{"allow":["GET"]}}],"collection":[{"href":"https:\/\/mathias-eimann.de\/neu\/wp-json\/wp\/v2\/pages"}],"about":[{"href":"https:\/\/mathias-eimann.de\/neu\/wp-json\/wp\/v2\/types\/page"}],"author":[{"embeddable":true,"href":"https:\/\/mathias-eimann.de\/neu\/wp-json\/wp\/v2\/users\/1"}],"replies":[{"embeddable":true,"href":"https:\/\/mathias-eimann.de\/neu\/wp-json\/wp\/v2\/comments?post=218"}],"version-history":[{"count":11,"href":"https:\/\/mathias-eimann.de\/neu\/wp-json\/wp\/v2\/pages\/218\/revisions"}],"predecessor-version":[{"id":364,"href":"https:\/\/mathias-eimann.de\/neu\/wp-json\/wp\/v2\/pages\/218\/revisions\/364"}],"up":[{"embeddable":true,"href":"https:\/\/mathias-eimann.de\/neu\/wp-json\/wp\/v2\/pages\/118"}],"wp:attachment":[{"href":"https:\/\/mathias-eimann.de\/neu\/wp-json\/wp\/v2\/media?parent=218"}],"curies":[{"name":"wp","href":"https:\/\/api.w.org\/{rel}","templated":true}]}}